{"id":14,"date":"2022-05-17T15:24:51","date_gmt":"2022-05-17T18:24:51","guid":{"rendered":"https:\/\/solner.com.br\/index.php\/blog\/"},"modified":"2022-05-17T15:25:39","modified_gmt":"2022-05-17T18:25:39","slug":"blog","status":"publish","type":"page","link":"https:\/\/solner.com.br\/index.php\/blog\/","title":{"rendered":"Blog"},"content":{"rendered":"\n<h2 class=\"wp-block-heading\">Tecnologia traz vantagens competitivas para o setor do agroneg\u00f3cio<\/h2>\n\n\n\n<p>   Assim como a maior parte das atividades econ\u00f4micas no mundo, o agroneg\u00f3cio depende, em sua maioria, da energia el\u00e9trica. Com isso, a maior parte dos agricultores tendem a ter uma grande perda financeira no que diz respeito \u00e0s contas de luz, pois a energia el\u00e9trica \u00e9 conhecida pela alta carga tribut\u00e1ria, de at\u00e9 50% do valor das contas de luz, embutida em sua cobran\u00e7a.<\/p>\n\n\n\n<p>   Por esse motivo, a ado\u00e7\u00e3o da energia solar no agroneg\u00f3cio \u00e9 uma grande tend\u00eancia, principalmente no Brasil. Afinal, os espa\u00e7os de cultivo para a produ\u00e7\u00e3o rural s\u00e3o amplos e com o maior aproveitamento da luz do sol, o que propicia a instala\u00e7\u00e3o desse tipo de energia. <\/p>\n\n\n\n<p>   A produ\u00e7\u00e3o de energia renov\u00e1vel pode ajudar os produtores brasileiros de diversas formas, sendo elas:<br><strong>&#8211; Redu\u00e7\u00e3o de custos;<\/strong><br><strong>&#8211; Automatiza\u00e7\u00e3o e moderniza\u00e7\u00e3o da agropecu\u00e1ria;<br>&#8211; Uso compartilhado do solo com a produ\u00e7\u00e3o agr\u00edcola;<br>&#8211; Linhas de financiamento exclusivos;<br>&#8211; Bombeamento de energia solar fotovoltaica.<\/strong><\/p>\n\n\n\n<p>   O agroneg\u00f3cio \u00e9 um dos principais setores da economia brasileira. Com forte orienta\u00e7\u00e3o para as exporta\u00e7\u00f5es, \u00e9 um mercado que necessita sempre investir em inova\u00e7\u00e3o e tecnologia para manter a competitividade no cen\u00e1rio internacional. Isso inclui, al\u00e9m do uso eficiente do solo e de recursos, a produ\u00e7\u00e3o sustent\u00e1vel e ecologicamente correta.<\/p>\n","protected":false},"excerpt":{"rendered":"<p>Tecnologia traz vantagens competitivas para o setor do agroneg\u00f3cio Assim como a maior parte das atividades econ\u00f4micas no mundo, o agroneg\u00f3cio depende, em sua maioria, da energia el\u00e9trica. Com isso, a maior parte dos agricultores tendem a ter uma grande perda financeira no que diz respeito \u00e0s contas de luz, pois a energia el\u00e9trica \u00e9 [&hellip;]<\/p>\n","protected":false},"author":1,"featured_media":0,"parent":0,"menu_order":0,"comment_status":"closed","ping_status":"closed","template":"","meta":{"footnotes":""},"class_list":["post-14","page","type-page","status-publish","hentry"],"_links":{"self":[{"href":"https:\/\/solner.com.br\/index.php\/wp-json\/wp\/v2\/pages\/14","targetHints":{"allow":["GET"]}}],"collection":[{"href":"https:\/\/solner.com.br\/index.php\/wp-json\/wp\/v2\/pages"}],"about":[{"href":"https:\/\/solner.com.br\/index.php\/wp-json\/wp\/v2\/types\/page"}],"author":[{"embeddable":true,"href":"https:\/\/solner.com.br\/index.php\/wp-json\/wp\/v2\/users\/1"}],"replies":[{"embeddable":true,"href":"https:\/\/solner.com.br\/index.php\/wp-json\/wp\/v2\/comments?post=14"}],"version-history":[{"count":0,"href":"https:\/\/solner.com.br\/index.php\/wp-json\/wp\/v2\/pages\/14\/revisions"}],"wp:attachment":[{"href":"https:\/\/solner.com.br\/index.php\/wp-json\/wp\/v2\/media?parent=14"}],"curies":[{"name":"wp","href":"https:\/\/api.w.org\/{rel}","templated":true}]}}